{"id":8,"date":"2019-11-18T20:38:45","date_gmt":"2019-11-18T20:38:45","guid":{"rendered":"http:\/\/www.oficinadacomunicacao.com.br\/?page_id=8"},"modified":"2019-12-04T20:21:05","modified_gmt":"2019-12-04T22:21:05","slug":"sobre","status":"publish","type":"page","link":"https:\/\/www.oficinadacomunicacao.com.br\/index.php\/sobre\/","title":{"rendered":"Sobre"},"content":{"rendered":"\n<div style=\"height:40px\" aria-hidden=\"true\" class=\"wp-block-spacer\"><\/div>\n\n\n<p class=\"p1\"><span class=\"s1\">A Oficina da Comunica\u00e7\u00e3o \u00e9 uma ag\u00eancia de comunica\u00e7\u00e3o integrada. Estamos no mercado h\u00e1 14 anos, mas, temos experi\u00eancia de mais de 20 anos na \u00e1rea de comunica\u00e7\u00e3o. A ag\u00eancia \u00e9 conduzida por profissionais formados em Comunica\u00e7\u00e3o Social, nas \u00e1reas de Rela\u00e7\u00f5es P\u00fablicas, Jornalismo e Publicidade, podendo assim, oferecer solu\u00e7\u00f5es integradas de comunica\u00e7\u00e3o para todos os clientes com efici\u00eancia e resultado.<\/span><\/p>\n<blockquote>\n<p>Hi there! I&#8217;m a bike messenger by day, aspiring actor by night, and this is my website. I live in Los Angeles, have a great dog named Jack, and I like pi\u00f1a coladas. (And gettin&#8217; caught in the rain.)<\/p>\n<\/blockquote>\n<p>&#8230;or something like this:<\/p>\n<blockquote>\n<p>The XYZ Doohickey Company was founded in 1971, and has been providing quality doohickeys to the public ever since. Located in Gotham City, XYZ employs over 2,000 people and does all kinds of awesome things for the Gotham community.<\/p>\n<\/blockquote>\n\n\n<div style=\"height:45px\" aria-hidden=\"true\" class=\"wp-block-spacer\"><\/div>\n","protected":false},"excerpt":{"rendered":"<p>A Oficina da Comunica\u00e7\u00e3o \u00e9 uma ag\u00eancia de comunica\u00e7\u00e3o integrada. Estamos no mercado h\u00e1 14 anos, mas, temos experi\u00eancia de mais de 20 anos na \u00e1rea de comunica\u00e7\u00e3o. A ag\u00eancia \u00e9 conduzida por profissionais formados em Comunica\u00e7\u00e3o Social, nas \u00e1reas de Rela\u00e7\u00f5es P\u00fablicas, Jornalismo e Publicidade, podendo assim, oferecer solu\u00e7\u00f5es integradas de comunica\u00e7\u00e3o para todos [&hellip;]<\/p>\n","protected":false},"author":1,"featured_media":5726,"parent":0,"menu_order":0,"comment_status":"closed","ping_status":"closed","template":"page-templates\/page_without-sidebar.php","meta":[],"_links":{"self":[{"href":"https:\/\/www.oficinadacomunicacao.com.br\/index.php\/wp-json\/wp\/v2\/pages\/8"}],"collection":[{"href":"https:\/\/www.oficinadacomunicacao.com.br\/index.php\/wp-json\/wp\/v2\/pages"}],"about":[{"href":"https:\/\/www.oficinadacomunicacao.com.br\/index.php\/wp-json\/wp\/v2\/types\/page"}],"author":[{"embeddable":true,"href":"https:\/\/www.oficinadacomunicacao.com.br\/index.php\/wp-json\/wp\/v2\/users\/1"}],"replies":[{"embeddable":true,"href":"https:\/\/www.oficinadacomunicacao.com.br\/index.php\/wp-json\/wp\/v2\/comments?post=8"}],"version-history":[{"count":6,"href":"https:\/\/www.oficinadacomunicacao.com.br\/index.php\/wp-json\/wp\/v2\/pages\/8\/revisions"}],"predecessor-version":[{"id":5737,"href":"https:\/\/www.oficinadacomunicacao.com.br\/index.php\/wp-json\/wp\/v2\/pages\/8\/revisions\/5737"}],"wp:featuredmedia":[{"embeddable":true,"href":"https:\/\/www.oficinadacomunicacao.com.br\/index.php\/wp-json\/wp\/v2\/media\/5726"}],"wp:attachment":[{"href":"https:\/\/www.oficinadacomunicacao.com.br\/index.php\/wp-json\/wp\/v2\/media?parent=8"}],"curies":[{"name":"wp","href":"https:\/\/api.w.org\/{rel}","templated":true}]}}